{"id":33,"date":"2025-12-08T11:57:06","date_gmt":"2025-12-08T11:57:06","guid":{"rendered":"https:\/\/menorcayachtbroker.com\/?page_id=33"},"modified":"2026-03-16T13:56:18","modified_gmt":"2026-03-16T13:56:18","slug":"home","status":"publish","type":"page","link":"https:\/\/menorcayachtbroker.com\/pt\/","title":{"rendered":"P\u00e1gina inicial"},"content":{"rendered":"<div data-elementor-type=\"wp-page\" data-elementor-id=\"33\" class=\"elementor elementor-33\">\n\t\t\t\t<div class=\"elementor-element elementor-element-46ebd61e e-con-full e-flex e-con e-parent\" data-id=\"46ebd61e\" data-element_type=\"container\" data-settings=\"{&quot;background_background&quot;:&quot;classic&quot;}\">\n\t\t<div class=\"elementor-element elementor-element-3cf28228 e-con-full paddingtp  e-flex e-con e-child\" data-id=\"3cf28228\" data-element_type=\"container\" data-settings=\"{&quot;background_background&quot;:&quot;classic&quot;}\">\n\t\t\t\t<div class=\"elementor-element elementor-element-66894cdf elementor-widget__width-initial elementor-hidden-desktop elementor-hidden-tablet elementor-hidden-mobile elementor-widget elementor-widget-text-editor\" data-id=\"66894cdf\" data-element_type=\"widget\" data-widget_type=\"text-editor.default\">\n\t\t\t\t\t\t\t\t\t<p><span dir=\"auto\" style=\"vertical-align: inherit;\"><span dir=\"auto\" style=\"vertical-align: inherit;\">EM 7 DE JANEIRO DE 2026<\/span><\/span><\/p>\t\t\t\t\t\t\t\t<\/div>\n\t\t<div class=\"elementor-element elementor-element-5099584d e-con-full e-flex e-con e-child\" data-id=\"5099584d\" data-element_type=\"container\">\n\t\t\t\t<div class=\"elementor-element elementor-element-15e54594 elementor-widget__width-initial fixmrg elementor-widget elementor-widget-text-editor\" data-id=\"15e54594\" data-element_type=\"widget\" data-widget_type=\"text-editor.default\">\n\t\t\t\t\t\t\t\t\t<p>Um novo <span style=\"color: #bea260;\">Experi\u00eancia <\/span>est\u00e1 a ser <span style=\"color: #bea260;\">constru\u00eddo<\/span><\/p>\t\t\t\t\t\t\t\t<\/div>\n\t\t<div class=\"elementor-element elementor-element-4b0d563 e-transform e-con-full elementor-hidden-desktop elementor-hidden-tablet elementor-hidden-mobile e-flex e-con e-child\" data-id=\"4b0d563\" data-element_type=\"container\" data-settings=\"{&quot;background_background&quot;:&quot;classic&quot;,&quot;_transform_translateX_effect&quot;:{&quot;unit&quot;:&quot;px&quot;,&quot;size&quot;:&quot;&quot;,&quot;sizes&quot;:[]},&quot;_transform_translateX_effect_tablet&quot;:{&quot;unit&quot;:&quot;px&quot;,&quot;size&quot;:&quot;&quot;,&quot;sizes&quot;:[]},&quot;_transform_translateX_effect_mobile&quot;:{&quot;unit&quot;:&quot;px&quot;,&quot;size&quot;:&quot;&quot;,&quot;sizes&quot;:[]},&quot;_transform_translateY_effect&quot;:{&quot;unit&quot;:&quot;px&quot;,&quot;size&quot;:&quot;&quot;,&quot;sizes&quot;:[]},&quot;_transform_translateY_effect_tablet&quot;:{&quot;unit&quot;:&quot;px&quot;,&quot;size&quot;:&quot;&quot;,&quot;sizes&quot;:[]},&quot;_transform_translateY_effect_mobile&quot;:{&quot;unit&quot;:&quot;px&quot;,&quot;size&quot;:&quot;&quot;,&quot;sizes&quot;:[]}}\">\n\t\t<div class=\"elementor-element elementor-element-3d96d448 e-con-full e-transform e-flex e-con e-child\" data-id=\"3d96d448\" data-element_type=\"container\" data-settings=\"{&quot;_transform_translateX_effect&quot;:{&quot;unit&quot;:&quot;px&quot;,&quot;size&quot;:&quot;&quot;,&quot;sizes&quot;:[]},&quot;_transform_translateX_effect_tablet&quot;:{&quot;unit&quot;:&quot;px&quot;,&quot;size&quot;:&quot;&quot;,&quot;sizes&quot;:[]},&quot;_transform_translateX_effect_mobile&quot;:{&quot;unit&quot;:&quot;px&quot;,&quot;size&quot;:&quot;&quot;,&quot;sizes&quot;:[]},&quot;_transform_translateY_effect&quot;:{&quot;unit&quot;:&quot;px&quot;,&quot;size&quot;:&quot;&quot;,&quot;sizes&quot;:[]},&quot;_transform_translateY_effect_tablet&quot;:{&quot;unit&quot;:&quot;px&quot;,&quot;size&quot;:&quot;&quot;,&quot;sizes&quot;:[]},&quot;_transform_translateY_effect_mobile&quot;:{&quot;unit&quot;:&quot;px&quot;,&quot;size&quot;:&quot;&quot;,&quot;sizes&quot;:[]}}\">\n\t\t<div class=\"elementor-element elementor-element-17ddd5b0 e-con-full e-transform e-flex e-con e-child\" data-id=\"17ddd5b0\" data-element_type=\"container\" data-settings=\"{&quot;_transform_translateX_effect_mobile&quot;:{&quot;unit&quot;:&quot;px&quot;,&quot;size&quot;:28,&quot;sizes&quot;:[]},&quot;_transform_translateY_effect_mobile&quot;:{&quot;unit&quot;:&quot;px&quot;,&quot;size&quot;:0,&quot;sizes&quot;:[]},&quot;_transform_translateX_effect&quot;:{&quot;unit&quot;:&quot;px&quot;,&quot;size&quot;:15,&quot;sizes&quot;:[]},&quot;_transform_translateX_effect_tablet&quot;:{&quot;unit&quot;:&quot;px&quot;,&quot;size&quot;:5,&quot;sizes&quot;:[]},&quot;_transform_translateY_effect&quot;:{&quot;unit&quot;:&quot;px&quot;,&quot;size&quot;:&quot;&quot;,&quot;sizes&quot;:[]},&quot;_transform_translateY_effect_tablet&quot;:{&quot;unit&quot;:&quot;px&quot;,&quot;size&quot;:&quot;&quot;,&quot;sizes&quot;:[]}}\">\n\t\t\t\t<div class=\"elementor-element elementor-element-48e2ca45 elementor-widget__width-initial mrgbtc e-transform elementor-widget elementor-widget-image\" data-id=\"48e2ca45\" data-element_type=\"widget\" data-settings=\"{&quot;_transform_translateX_effect&quot;:{&quot;unit&quot;:&quot;px&quot;,&quot;size&quot;:0,&quot;sizes&quot;:[]},&quot;_transform_translateX_effect_mobile&quot;:{&quot;unit&quot;:&quot;px&quot;,&quot;size&quot;:0,&quot;sizes&quot;:[]},&quot;_transform_translateY_effect&quot;:{&quot;unit&quot;:&quot;px&quot;,&quot;size&quot;:0,&quot;sizes&quot;:[]},&quot;_transform_translateX_effect_tablet&quot;:{&quot;unit&quot;:&quot;px&quot;,&quot;size&quot;:29,&quot;sizes&quot;:[]},&quot;_transform_translateY_effect_tablet&quot;:{&quot;unit&quot;:&quot;px&quot;,&quot;size&quot;:&quot;&quot;,&quot;sizes&quot;:[]},&quot;_transform_translateY_effect_mobile&quot;:{&quot;unit&quot;:&quot;px&quot;,&quot;size&quot;:&quot;&quot;,&quot;sizes&quot;:[]}}\" data-widget_type=\"image.default\">\n\t\t\t\t\t\t\t\t\t\t\t\t\t\t\t<img decoding=\"async\" width=\"70\" height=\"71\" src=\"https:\/\/menorcayachtbroker.com\/wp-content\/uploads\/2025\/12\/bot1.svg\" class=\"attachment-large size-large wp-image-36\" alt=\"\" \/>\t\t\t\t\t\t\t\t\t\t\t\t\t\t\t<\/div>\n\t\t\t\t<\/div>\n\t\t<div class=\"elementor-element elementor-element-1213a515 e-con-full e-flex e-con e-child\" data-id=\"1213a515\" data-element_type=\"container\">\n\t\t\t\t<div class=\"elementor-element elementor-element-10922f21 elementor-align-center e-transform elementor-widget__width-initial elementor-widget elementor-widget-button\" data-id=\"10922f21\" data-element_type=\"widget\" data-settings=\"{&quot;_transform_translateX_effect&quot;:{&quot;unit&quot;:&quot;px&quot;,&quot;size&quot;:-60,&quot;sizes&quot;:[]},&quot;_transform_translateY_effect&quot;:{&quot;unit&quot;:&quot;px&quot;,&quot;size&quot;:-19,&quot;sizes&quot;:[]},&quot;_transform_translateX_effect_tablet&quot;:{&quot;unit&quot;:&quot;px&quot;,&quot;size&quot;:0,&quot;sizes&quot;:[]},&quot;_transform_translateX_effect_mobile&quot;:{&quot;unit&quot;:&quot;px&quot;,&quot;size&quot;:0,&quot;sizes&quot;:[]},&quot;_transform_translateY_effect_tablet&quot;:{&quot;unit&quot;:&quot;px&quot;,&quot;size&quot;:0,&quot;sizes&quot;:[]},&quot;_transform_translateY_effect_mobile&quot;:{&quot;unit&quot;:&quot;px&quot;,&quot;size&quot;:&quot;&quot;,&quot;sizes&quot;:[]}}\" data-widget_type=\"button.default\">\n\t\t\t\t\t\t\t\t\t\t<a class=\"elementor-button elementor-button-link elementor-size-sm\" href=\"#\">\n\t\t\t\t\t\t<span class=\"elementor-button-content-wrapper\">\n\t\t\t\t\t\t\t\t\t<span class=\"elementor-button-text\">MAIS INFORMA\u00c7\u00d5ES<\/span>\n\t\t\t\t\t<\/span>\n\t\t\t\t\t<\/a>\n\t\t\t\t\t\t\t\t<\/div>\n\t\t\t\t<\/div>\n\t\t\t\t<\/div>\n\t\t\t\t<\/div>\n\t\t\t\t<\/div>\n\t\t\t\t<\/div>\n\t\t\t\t<div class=\"elementor-element elementor-element-7c460ab1 boats elementor-widget elementor-widget-image\" data-id=\"7c460ab1\" data-element_type=\"widget\" data-widget_type=\"image.default\">\n\t\t\t\t\t\t\t\t\t\t\t\t\t\t\t<img fetchpriority=\"high\" decoding=\"async\" width=\"1024\" height=\"323\" src=\"https:\/\/menorcayachtbroker.com\/wp-content\/uploads\/2025\/12\/lostens-1024x323.png\" class=\"attachment-large size-large wp-image-37\" alt=\"\" srcset=\"https:\/\/menorcayachtbroker.com\/wp-content\/uploads\/2025\/12\/lostens-1024x323.png 1024w, https:\/\/menorcayachtbroker.com\/wp-content\/uploads\/2025\/12\/lostens-300x95.png 300w, https:\/\/menorcayachtbroker.com\/wp-content\/uploads\/2025\/12\/lostens-768x242.png 768w, https:\/\/menorcayachtbroker.com\/wp-content\/uploads\/2025\/12\/lostens-1536x484.png 1536w, https:\/\/menorcayachtbroker.com\/wp-content\/uploads\/2025\/12\/lostens.png 1641w\" sizes=\"(max-width: 1024px) 100vw, 1024px\" \/>\t\t\t\t\t\t\t\t\t\t\t\t\t\t\t<\/div>\n\t\t<div class=\"elementor-element elementor-element-749489e4 e-con-full showcaselogo e-flex e-con e-child\" data-id=\"749489e4\" data-element_type=\"container\">\n\t\t<div class=\"elementor-element elementor-element-51ff36fc e-con-full e-flex e-con e-child\" data-id=\"51ff36fc\" data-element_type=\"container\">\n\t\t\t\t<div class=\"elementor-element elementor-element-639c090 mg0 elementor-widget elementor-widget-image\" data-id=\"639c090\" data-element_type=\"widget\" data-widget_type=\"image.default\">\n\t\t\t\t\t\t\t\t\t\t\t\t\t\t\t<img decoding=\"async\" width=\"400\" height=\"160\" src=\"https:\/\/menorcayachtbroker.com\/wp-content\/uploads\/2025\/12\/1w.png\" class=\"attachment-full size-full wp-image-38\" alt=\"\" srcset=\"https:\/\/menorcayachtbroker.com\/wp-content\/uploads\/2025\/12\/1w.png 400w, https:\/\/menorcayachtbroker.com\/wp-content\/uploads\/2025\/12\/1w-300x120.png 300w\" sizes=\"(max-width: 400px) 100vw, 400px\" \/>\t\t\t\t\t\t\t\t\t\t\t\t\t\t\t<\/div>\n\t\t\t\t<\/div>\n\t\t<div class=\"elementor-element elementor-element-40e46df2 e-con-full e-flex e-con e-child\" data-id=\"40e46df2\" data-element_type=\"container\">\n\t\t\t\t<div class=\"elementor-element elementor-element-6d7bf7e8 mg0 elementor-widget elementor-widget-image\" data-id=\"6d7bf7e8\" data-element_type=\"widget\" data-widget_type=\"image.default\">\n\t\t\t\t\t\t\t\t\t\t\t\t\t\t\t<img loading=\"lazy\" decoding=\"async\" width=\"400\" height=\"39\" src=\"https:\/\/menorcayachtbroker.com\/wp-content\/uploads\/2025\/12\/b1e.png\" class=\"attachment-large size-large wp-image-39\" alt=\"\" srcset=\"https:\/\/menorcayachtbroker.com\/wp-content\/uploads\/2025\/12\/b1e.png 400w, https:\/\/menorcayachtbroker.com\/wp-content\/uploads\/2025\/12\/b1e-300x29.png 300w\" sizes=\"(max-width: 400px) 100vw, 400px\" \/>\t\t\t\t\t\t\t\t\t\t\t\t\t\t\t<\/div>\n\t\t\t\t<\/div>\n\t\t<div class=\"elementor-element elementor-element-7331c64a e-con-full e-flex e-con e-child\" data-id=\"7331c64a\" data-element_type=\"container\">\n\t\t\t\t<div class=\"elementor-element elementor-element-626b1fce mg0 elementor-widget elementor-widget-image\" data-id=\"626b1fce\" data-element_type=\"widget\" data-widget_type=\"image.default\">\n\t\t\t\t\t\t\t\t\t\t\t\t\t\t\t<img loading=\"lazy\" decoding=\"async\" width=\"400\" height=\"50\" src=\"https:\/\/menorcayachtbroker.com\/wp-content\/uploads\/2025\/12\/a1.png\" class=\"attachment-large size-large wp-image-40\" alt=\"\" srcset=\"https:\/\/menorcayachtbroker.com\/wp-content\/uploads\/2025\/12\/a1.png 400w, https:\/\/menorcayachtbroker.com\/wp-content\/uploads\/2025\/12\/a1-300x38.png 300w\" sizes=\"(max-width: 400px) 100vw, 400px\" \/>\t\t\t\t\t\t\t\t\t\t\t\t\t\t\t<\/div>\n\t\t\t\t<\/div>\n\t\t<div class=\"elementor-element elementor-element-1e75ac69 e-con-full e-flex e-con e-child\" data-id=\"1e75ac69\" data-element_type=\"container\">\n\t\t\t\t<div class=\"elementor-element elementor-element-7fbc0088 mg0 elementor-widget elementor-widget-image\" data-id=\"7fbc0088\" data-element_type=\"widget\" data-widget_type=\"image.default\">\n\t\t\t\t\t\t\t\t\t\t\t\t\t\t\t<img loading=\"lazy\" decoding=\"async\" width=\"400\" height=\"76\" src=\"https:\/\/menorcayachtbroker.com\/wp-content\/uploads\/2025\/12\/s1-1.png\" class=\"attachment-large size-large wp-image-41\" alt=\"\" srcset=\"https:\/\/menorcayachtbroker.com\/wp-content\/uploads\/2025\/12\/s1-1.png 400w, https:\/\/menorcayachtbroker.com\/wp-content\/uploads\/2025\/12\/s1-1-300x57.png 300w\" sizes=\"(max-width: 400px) 100vw, 400px\" \/>\t\t\t\t\t\t\t\t\t\t\t\t\t\t\t<\/div>\n\t\t\t\t<\/div>\n\t\t\t\t<\/div>\n\t\t\t\t<\/div>\n\t\t<div class=\"elementor-element elementor-element-17d5ce41 elementor-hidden-desktop elementor-hidden-tablet elementor-hidden-mobile e-flex e-con-boxed e-con e-parent\" data-id=\"17d5ce41\" data-element_type=\"container\" data-settings=\"{&quot;background_background&quot;:&quot;gradient&quot;}\">\n\t\t\t\t\t<div class=\"e-con-inner\">\n\t\t<div class=\"elementor-element elementor-element-5d15dbc4 e-con-full e-flex e-con e-child\" data-id=\"5d15dbc4\" data-element_type=\"container\">\n\t\t<div class=\"elementor-element elementor-element-5b2d7a95 e-con-full e-flex e-con e-child\" data-id=\"5b2d7a95\" data-element_type=\"container\">\n\t\t\t\t<div class=\"elementor-element elementor-element-864df06 elementor-widget elementor-widget-image\" data-id=\"864df06\" data-element_type=\"widget\" data-widget_type=\"image.default\">\n\t\t\t\t\t\t\t\t\t\t\t\t\t\t\t<img loading=\"lazy\" decoding=\"async\" width=\"160\" height=\"64\" src=\"https:\/\/menorcayachtbroker.com\/wp-content\/uploads\/2025\/12\/image-129.png\" class=\"attachment-large size-large wp-image-43\" alt=\"\" \/>\t\t\t\t\t\t\t\t\t\t\t\t\t\t\t<\/div>\n\t\t\t\t<\/div>\n\t\t<div class=\"elementor-element elementor-element-1eb28fd2 e-con-full e-flex e-con e-child\" data-id=\"1eb28fd2\" data-element_type=\"container\">\n\t\t\t\t<div class=\"elementor-element elementor-element-2b222393 elementor-widget elementor-widget-image\" data-id=\"2b222393\" data-element_type=\"widget\" data-widget_type=\"image.default\">\n\t\t\t\t\t\t\t\t\t\t\t\t\t\t\t<img loading=\"lazy\" decoding=\"async\" width=\"160\" height=\"64\" src=\"https:\/\/menorcayachtbroker.com\/wp-content\/uploads\/2025\/12\/image-130.png\" class=\"attachment-large size-large wp-image-44\" alt=\"\" \/>\t\t\t\t\t\t\t\t\t\t\t\t\t\t\t<\/div>\n\t\t\t\t<\/div>\n\t\t<div class=\"elementor-element elementor-element-20691e4f e-con-full e-flex e-con e-child\" data-id=\"20691e4f\" data-element_type=\"container\">\n\t\t\t\t<div class=\"elementor-element elementor-element-4f6a5659 elementor-widget elementor-widget-image\" data-id=\"4f6a5659\" data-element_type=\"widget\" data-widget_type=\"image.default\">\n\t\t\t\t\t\t\t\t\t\t\t\t\t\t\t<img loading=\"lazy\" decoding=\"async\" width=\"160\" height=\"64\" src=\"https:\/\/menorcayachtbroker.com\/wp-content\/uploads\/2025\/12\/riva-1.png\" class=\"attachment-large size-large wp-image-45\" alt=\"\" \/>\t\t\t\t\t\t\t\t\t\t\t\t\t\t\t<\/div>\n\t\t\t\t<\/div>\n\t\t<div class=\"elementor-element elementor-element-434feb9e e-con-full e-flex e-con e-child\" data-id=\"434feb9e\" data-element_type=\"container\">\n\t\t\t\t<div class=\"elementor-element elementor-element-693ee4ac elementor-widget elementor-widget-image\" data-id=\"693ee4ac\" data-element_type=\"widget\" data-widget_type=\"image.default\">\n\t\t\t\t\t\t\t\t\t\t\t\t\t\t\t<img loading=\"lazy\" decoding=\"async\" width=\"160\" height=\"64\" src=\"https:\/\/menorcayachtbroker.com\/wp-content\/uploads\/2025\/12\/itama-1.png\" class=\"attachment-large size-large wp-image-46\" alt=\"\" \/>\t\t\t\t\t\t\t\t\t\t\t\t\t\t\t<\/div>\n\t\t\t\t<\/div>\n\t\t\t\t<\/div>\n\t\t\t\t\t<\/div>\n\t\t\t\t<\/div>\n\t\t<div class=\"elementor-element elementor-element-1a55fc4 menorcayacht e-flex e-con-boxed e-con e-parent\" data-id=\"1a55fc4\" data-element_type=\"container\" data-settings=\"{&quot;background_background&quot;:&quot;classic&quot;}\">\n\t\t\t\t\t<div class=\"e-con-inner\">\n\t\t<div class=\"elementor-element elementor-element-20afeba8 e-con-full e-flex e-con e-child\" data-id=\"20afeba8\" data-element_type=\"container\">\n\t\t\t\t<div class=\"elementor-element elementor-element-3eb74ade elementor-widget__width-initial elementor-hidden-mobile elementor-hidden-desktop elementor-hidden-tablet elementor-widget elementor-widget-heading\" data-id=\"3eb74ade\" data-element_type=\"widget\" data-widget_type=\"heading.default\">\n\t\t\t\t\t<h2 class=\"elementor-heading-title elementor-size-default\">A partir de 2026:<\/h2>\t\t\t\t<\/div>\n\t\t\t\t<div class=\"elementor-element elementor-element-79e0ffed magtp0 elementor-widget elementor-widget-text-editor\" data-id=\"79e0ffed\" data-element_type=\"widget\" data-widget_type=\"text-editor.default\">\n\t\t\t\t\t\t\t\t\t<p><span style=\"text-decoration: underline;\"><em>Corretor de iates em Menorca<\/em><\/span> ser\u00e1 o distribuidor exclusivo de quatro marcas do Grupo Ferretti em Menorca<\/p>\t\t\t\t\t\t\t\t<\/div>\n\t\t\t\t<div class=\"elementor-element elementor-element-277ef176 elementor-widget__width-initial magtp0 elementor-widget elementor-widget-text-editor\" data-id=\"277ef176\" data-element_type=\"widget\" data-widget_type=\"text-editor.default\">\n\t\t\t\t\t\t\t\t\t<p>Como parceira e subdistribuidora da Ventura Yachts, a MYB lan\u00e7ar\u00e1 este site oferecendo os modelos mais recentes da Ferretti Yachts, Pershing, Itama e Riva, bem como incr\u00edveis iates usados e os servi\u00e7os da MYB para o seu iate em Menorca.<\/p>\t\t\t\t\t\t\t\t<\/div>\n\t\t\t\t<div class=\"elementor-element elementor-element-22f0050 elementor-align-center e-transform popmake-237 elementor-widget elementor-widget-button\" data-id=\"22f0050\" data-element_type=\"widget\" data-settings=\"{&quot;_transform_translateX_effect&quot;:{&quot;unit&quot;:&quot;px&quot;,&quot;size&quot;:0,&quot;sizes&quot;:[]},&quot;_transform_translateY_effect&quot;:{&quot;unit&quot;:&quot;px&quot;,&quot;size&quot;:-27,&quot;sizes&quot;:[]},&quot;_transform_translateX_effect_tablet&quot;:{&quot;unit&quot;:&quot;px&quot;,&quot;size&quot;:&quot;&quot;,&quot;sizes&quot;:[]},&quot;_transform_translateX_effect_mobile&quot;:{&quot;unit&quot;:&quot;px&quot;,&quot;size&quot;:&quot;&quot;,&quot;sizes&quot;:[]},&quot;_transform_translateY_effect_tablet&quot;:{&quot;unit&quot;:&quot;px&quot;,&quot;size&quot;:&quot;&quot;,&quot;sizes&quot;:[]},&quot;_transform_translateY_effect_mobile&quot;:{&quot;unit&quot;:&quot;px&quot;,&quot;size&quot;:&quot;&quot;,&quot;sizes&quot;:[]}}\" data-widget_type=\"button.default\">\n\t\t\t\t\t\t\t\t\t\t<a class=\"elementor-button elementor-button-link elementor-size-sm\" href=\"#\">\n\t\t\t\t\t\t<span class=\"elementor-button-content-wrapper\">\n\t\t\t\t\t\t\t\t\t<span class=\"elementor-button-text\">AVISE-ME NO LAN\u00c7AMENTO <\/span>\n\t\t\t\t\t<\/span>\n\t\t\t\t\t<\/a>\n\t\t\t\t\t\t\t\t<\/div>\n\t\t\t\t<\/div>\n\t\t<div class=\"elementor-element elementor-element-1e78dc5f e-con-full e-flex e-con e-child\" data-id=\"1e78dc5f\" data-element_type=\"container\">\n\t\t\t\t<div class=\"elementor-element elementor-element-2ca543d4 elementor-widget elementor-widget-image\" data-id=\"2ca543d4\" data-element_type=\"widget\" data-widget_type=\"image.default\">\n\t\t\t\t\t\t\t\t\t\t\t\t\t\t\t<img loading=\"lazy\" decoding=\"async\" width=\"1024\" height=\"682\" src=\"https:\/\/menorcayachtbroker.com\/wp-content\/uploads\/2025\/12\/37806f43-df17-422f-8707-454f3daf9449-1024x682.jpg\" class=\"attachment-large size-large wp-image-48\" alt=\"\" srcset=\"https:\/\/menorcayachtbroker.com\/wp-content\/uploads\/2025\/12\/37806f43-df17-422f-8707-454f3daf9449-1024x682.jpg 1024w, https:\/\/menorcayachtbroker.com\/wp-content\/uploads\/2025\/12\/37806f43-df17-422f-8707-454f3daf9449-300x200.jpg 300w, https:\/\/menorcayachtbroker.com\/wp-content\/uploads\/2025\/12\/37806f43-df17-422f-8707-454f3daf9449-768x511.jpg 768w, https:\/\/menorcayachtbroker.com\/wp-content\/uploads\/2025\/12\/37806f43-df17-422f-8707-454f3daf9449-1536x1022.jpg 1536w, https:\/\/menorcayachtbroker.com\/wp-content\/uploads\/2025\/12\/37806f43-df17-422f-8707-454f3daf9449-2048x1363.jpg 2048w\" sizes=\"(max-width: 1024px) 100vw, 1024px\" \/>\t\t\t\t\t\t\t\t\t\t\t\t\t\t\t<\/div>\n\t\t\t\t<\/div>\n\t\t\t\t\t<\/div>\n\t\t\t\t<\/div>\n\t\t\t\t<\/div>\n\t\t\n    <div class=\"xs_social_share_widget xs_share_url after_content \t\tmain_content  wslu-style-1 wslu-share-box-shaped wslu-fill-colored wslu-none wslu-share-horizontal wslu-theme-font-no wslu-main_content\">\n\n\t\t\n        <ul>\n\t\t\t        <\/ul>\n    <\/div>","protected":false},"excerpt":{"rendered":"<p>EM 7 DE JANEIRO DE 2026 Uma nova experi\u00eancia est\u00e1 a ser constru\u00edda MAIS INFORMA\u00c7\u00d5ES A partir de 2026: a Menorca Yacht Broker ser\u00e1 a revendedora exclusiva de quatro marcas do Grupo Ferretti em Menorca. Como parceira e subrevendedora da Ventura Yachts, a MYB lan\u00e7ar\u00e1 este site oferecendo os modelos mais recentes da Ferretti Yachts, Pershing, Itama e Riva, bem como...<\/p>","protected":false},"author":5,"featured_media":0,"parent":0,"menu_order":0,"comment_status":"closed","ping_status":"closed","template":"","meta":{"_acf_changed":false,"postBodyCss":"","postBodyMargin":[],"postBodyPadding":[],"postBodyBackground":{"backgroundType":"classic","gradient":""},"_kad_post_transparent":"","_kad_post_title":"hide","_kad_post_layout":"fullwidth","_kad_post_sidebar_id":"","_kad_post_content_style":"unboxed","_kad_post_vertical_padding":"hide","_kad_post_feature":"hide","_kad_post_feature_position":"","_kad_post_header":false,"_kad_post_footer":false,"_kad_post_classname":"","footnotes":""},"class_list":["post-33","page","type-page","status-publish","hentry"],"acf":[],"_links":{"self":[{"href":"https:\/\/menorcayachtbroker.com\/pt\/wp-json\/wp\/v2\/pages\/33","targetHints":{"allow":["GET"]}}],"collection":[{"href":"https:\/\/menorcayachtbroker.com\/pt\/wp-json\/wp\/v2\/pages"}],"about":[{"href":"https:\/\/menorcayachtbroker.com\/pt\/wp-json\/wp\/v2\/types\/page"}],"author":[{"embeddable":true,"href":"https:\/\/menorcayachtbroker.com\/pt\/wp-json\/wp\/v2\/users\/5"}],"replies":[{"embeddable":true,"href":"https:\/\/menorcayachtbroker.com\/pt\/wp-json\/wp\/v2\/comments?post=33"}],"version-history":[{"count":106,"href":"https:\/\/menorcayachtbroker.com\/pt\/wp-json\/wp\/v2\/pages\/33\/revisions"}],"predecessor-version":[{"id":1085,"href":"https:\/\/menorcayachtbroker.com\/pt\/wp-json\/wp\/v2\/pages\/33\/revisions\/1085"}],"wp:attachment":[{"href":"https:\/\/menorcayachtbroker.com\/pt\/wp-json\/wp\/v2\/media?parent=33"}],"curies":[{"name":"wp","href":"https:\/\/api.w.org\/{rel}","templated":true}]}}